{"id":4311,"date":"2025-05-04T18:10:13","date_gmt":"2025-05-04T16:10:13","guid":{"rendered":"https:\/\/rowmastudio.com\/?page_id=4311"},"modified":"2025-05-04T22:27:43","modified_gmt":"2025-05-04T20:27:43","slug":"scoremusic-koduleht","status":"publish","type":"page","link":"https:\/\/rowmastudio.com\/?page_id=4311&lang=et","title":{"rendered":"Scoremusic koduleht"},"content":{"rendered":"\t\t<div data-elementor-type=\"wp-page\" data-elementor-id=\"4311\" class=\"elementor elementor-4311\" data-elementor-post-type=\"page\">\n\t\t\t\t\t\t<section class=\"elementor-section elementor-top-section elementor-element elementor-element-2c848aca elementor-section-full_width elementor-section-height-default elementor-section-height-default\" data-id=\"2c848aca\" data-element_type=\"section\" data-settings=\"{&quot;background_background&quot;:&quot;classic&quot;}\">\n\t\t\t\t\t\t<div class=\"elementor-container elementor-column-gap-no\">\n\t\t\t\t\t<div class=\"elementor-column elementor-col-100 elementor-top-column elementor-element elementor-element-41eb49a5\" data-id=\"41eb49a5\" data-element_type=\"column\">\n\t\t\t<div class=\"elementor-widget-wrap elementor-element-populated\">\n\t\t\t\t\t\t<div class=\"elementor-element elementor-element-8e38b01 elementor-widget elementor-widget-spacer\" data-id=\"8e38b01\" data-element_type=\"widget\" data-widget_type=\"spacer.default\">\n\t\t\t\t<div class=\"elementor-widget-container\">\n\t\t\t\t\t<div class=\"elementor-spacer\">\n\t\t\t<div class=\"elementor-spacer-inner\"><\/div>\n\t\t<\/div>\n\t\t\t\t<\/div>\n\t\t\t\t<\/div>\n\t\t\t\t<div class=\"elementor-element elementor-element-6df2ce8 elementor-cta--skin-cover elementor-cta--valign-middle elementor-widget__width-initial elementor-widget-mobile__width-initial elementor-animated-content elementor-bg-transform elementor-bg-transform-zoom-in elementor-widget elementor-widget-call-to-action\" data-id=\"6df2ce8\" data-element_type=\"widget\" data-settings=\"{&quot;motion_fx_motion_fx_scrolling&quot;:&quot;yes&quot;,&quot;motion_fx_translateY_effect&quot;:&quot;yes&quot;,&quot;motion_fx_translateY_direction&quot;:&quot;negative&quot;,&quot;motion_fx_translateY_speed&quot;:{&quot;unit&quot;:&quot;px&quot;,&quot;size&quot;:10,&quot;sizes&quot;:[]},&quot;motion_fx_translateY_affectedRange&quot;:{&quot;unit&quot;:&quot;%&quot;,&quot;size&quot;:&quot;&quot;,&quot;sizes&quot;:{&quot;start&quot;:0,&quot;end&quot;:50}},&quot;motion_fx_opacity_effect&quot;:&quot;yes&quot;,&quot;motion_fx_opacity_direction&quot;:&quot;in-out&quot;,&quot;motion_fx_opacity_range&quot;:{&quot;unit&quot;:&quot;%&quot;,&quot;size&quot;:&quot;&quot;,&quot;sizes&quot;:{&quot;start&quot;:70,&quot;end&quot;:100}},&quot;motion_fx_opacity_level&quot;:{&quot;unit&quot;:&quot;px&quot;,&quot;size&quot;:10,&quot;sizes&quot;:[]},&quot;motion_fx_devices&quot;:[&quot;desktop&quot;,&quot;tablet&quot;,&quot;mobile&quot;]}\" data-widget_type=\"call-to-action.default\">\n\t\t\t\t<div class=\"elementor-widget-container\">\n\t\t\t\t\t<div class=\"elementor-cta\">\n\t\t\t\t\t<div class=\"elementor-cta__bg-wrapper\">\n\t\t\t\t<div class=\"elementor-cta__bg elementor-bg\" style=\"background-image: url(https:\/\/rowmastudio.com\/wp-content\/uploads\/2025\/05\/score.png);\" role=\"img\" aria-label=\"score\"><\/div>\n\t\t\t\t<div class=\"elementor-cta__bg-overlay\"><\/div>\n\t\t\t<\/div>\n\t\t\t\t\t\t\t<div class=\"elementor-cta__content\">\n\t\t\t\t\n\t\t\t\t\t\t\t\t\t<h1 class=\"elementor-cta__title elementor-cta__content-item elementor-content-item elementor-animated-item--grow\">\n\t\t\t\t\t\t \t\t\t\t\t<\/h1>\n\t\t\t\t\n\t\t\t\t\n\t\t\t\t\t\t\t<\/div>\n\t\t\t\t\t\t<\/div>\n\t\t\t\t<\/div>\n\t\t\t\t<\/div>\n\t\t\t\t\t<\/div>\n\t\t<\/div>\n\t\t\t\t\t<\/div>\n\t\t<\/section>\n\t\t\t\t<section class=\"elementor-section elementor-top-section elementor-element elementor-element-5585f1f4 elementor-section-full_width elementor-section-height-default elementor-section-height-default\" data-id=\"5585f1f4\" data-element_type=\"section\">\n\t\t\t\t\t\t<div class=\"elementor-container elementor-column-gap-no\">\n\t\t\t\t\t<div class=\"elementor-column elementor-col-100 elementor-top-column elementor-element elementor-element-3f14390e\" data-id=\"3f14390e\" data-element_type=\"column\">\n\t\t\t<div class=\"elementor-widget-wrap elementor-element-populated\">\n\t\t\t\t\t\t<section class=\"elementor-section elementor-inner-section elementor-element elementor-element-f498689 elementor-section-boxed elementor-section-height-default elementor-section-height-default\" data-id=\"f498689\" data-element_type=\"section\">\n\t\t\t\t\t\t<div class=\"elementor-container elementor-column-gap-default\">\n\t\t\t\t\t<div class=\"elementor-column elementor-col-50 elementor-inner-column elementor-element elementor-element-76e565d\" data-id=\"76e565d\" data-element_type=\"column\">\n\t\t\t<div class=\"elementor-widget-wrap elementor-element-populated\">\n\t\t\t\t\t\t<div class=\"elementor-element elementor-element-201f52a9 elementor-invisible elementor-widget elementor-widget-heading\" data-id=\"201f52a9\" data-element_type=\"widget\" data-settings=\"{&quot;_animation&quot;:&quot;fadeInUp&quot;}\" data-widget_type=\"heading.default\">\n\t\t\t\t<div class=\"elementor-widget-container\">\n\t\t\t<h4 class=\"elementor-heading-title elementor-size-default\">Scoremusic koduleht<\/h4>\t\t<\/div>\n\t\t\t\t<\/div>\n\t\t\t\t<div class=\"elementor-element elementor-element-0121ecc elementor-widget__width-initial elementor-widget elementor-widget-text-editor\" data-id=\"0121ecc\" data-element_type=\"widget\" data-widget_type=\"text-editor.default\">\n\t\t\t\t<div class=\"elementor-widget-container\">\n\t\t\t\t\t\t\t<p><strong data-start=\"314\" data-end=\"328\">Minu roll:<\/strong> UX\/UI disainer<br data-start=\"343\" data-end=\"346\"><strong data-start=\"346\" data-end=\"363\">T\u00f6\u00f6\u00fclesanded:<\/strong> Kasutajakogemuse kujundamine, visuaalse stiili loomine, disainis\u00fcsteemi \u00fclesehitus, protot\u00fc\u00fcpimine, koost\u00f6\u00f6 arendajaga<br data-start=\"482\" data-end=\"485\"><strong data-start=\"485\" data-end=\"498\">Platvorm:<\/strong> Veebileht (desktop &amp; mobile)<\/p>\n<p data-start=\"513\" data-end=\"528\">\n<\/p><p data-start=\"513\" data-end=\"528\">\ud83d\udcbb <strong>\u00dclevaade<\/strong><\/p>\n<p class=\"\" data-start=\"530\" data-end=\"871\">Scoremusic.eu on visiitkaardi t\u00fc\u00fcpi veebileht, mille eesm\u00e4rk on tutvustada <strong data-start=\"606\" data-end=\"622\">Scoremusic<\/strong> br\u00e4ndi, selle v\u00e4\u00e4rtusi, teenuseid. Minu \u00fclesandeks oli luua veebikogemus, mis toetab professionaalset kuvandit, kommunikeerib usaldusv\u00e4\u00e4rsust ning k\u00f5netab muusikavaldkonna spetsialiste.<\/p>\t\t\t\t\t\t<\/div>\n\t\t\t\t<\/div>\n\t\t\t\t<div class=\"elementor-element elementor-element-626c12af elementor-cta--layout-image-right elementor-cta--valign-bottom elementor-cta--mobile-layout-image-above elementor-cta--skin-classic elementor-animated-content elementor-bg-transform elementor-bg-transform-zoom-in elementor-widget elementor-widget-call-to-action\" data-id=\"626c12af\" data-element_type=\"widget\" data-widget_type=\"call-to-action.default\">\n\t\t\t\t<div class=\"elementor-widget-container\">\n\t\t\t\t\t<div class=\"elementor-cta\">\n\t\t\t\t\t\t\t<div class=\"elementor-cta__content\">\n\t\t\t\t\n\t\t\t\t\n\t\t\t\t\n\t\t\t\t\t\t\t\t\t<div class=\"elementor-cta__button-wrapper elementor-cta__content-item elementor-content-item \">\n\t\t\t\t\t<a class=\"elementor-cta__button elementor-button elementor-size-\" href=\"https:\/\/scoremusic.eu\/\">\n\t\t\t\t\t\tVaata veebilehte\t\t\t\t\t<\/a>\n\t\t\t\t\t<\/div>\n\t\t\t\t\t\t\t<\/div>\n\t\t\t\t\t\t<\/div>\n\t\t\t\t<\/div>\n\t\t\t\t<\/div>\n\t\t\t\t\t<\/div>\n\t\t<\/div>\n\t\t\t\t<div class=\"elementor-column elementor-col-50 elementor-inner-column elementor-element elementor-element-7f7a37d\" data-id=\"7f7a37d\" data-element_type=\"column\">\n\t\t\t<div class=\"elementor-widget-wrap elementor-element-populated\">\n\t\t\t\t\t\t<div class=\"elementor-element elementor-element-c7c8d39 elementor-widget elementor-widget-spacer\" data-id=\"c7c8d39\" data-element_type=\"widget\" data-widget_type=\"spacer.default\">\n\t\t\t\t<div class=\"elementor-widget-container\">\n\t\t\t\t\t<div class=\"elementor-spacer\">\n\t\t\t<div class=\"elementor-spacer-inner\"><\/div>\n\t\t<\/div>\n\t\t\t\t<\/div>\n\t\t\t\t<\/div>\n\t\t\t\t\t<\/div>\n\t\t<\/div>\n\t\t\t\t\t<\/div>\n\t\t<\/section>\n\t\t\t\t\t<\/div>\n\t\t<\/div>\n\t\t\t\t\t<\/div>\n\t\t<\/section>\n\t\t\t\t<section class=\"elementor-section elementor-top-section elementor-element elementor-element-6f5e772f elementor-section-full_width elementor-section-height-min-height elementor-section-height-default elementor-section-items-middle\" data-id=\"6f5e772f\" data-element_type=\"section\" data-settings=\"{&quot;background_background&quot;:&quot;classic&quot;}\">\n\t\t\t\t\t\t<div class=\"elementor-container elementor-column-gap-no\">\n\t\t\t\t\t<div class=\"elementor-column elementor-col-100 elementor-top-column elementor-element elementor-element-5a768a77\" data-id=\"5a768a77\" data-element_type=\"column\">\n\t\t\t<div class=\"elementor-widget-wrap elementor-element-populated\">\n\t\t\t\t\t\t<div class=\"elementor-element elementor-element-7d9773ca elementor-widget elementor-widget-heading\" data-id=\"7d9773ca\" data-element_type=\"widget\" data-settings=\"{&quot;motion_fx_motion_fx_scrolling&quot;:&quot;yes&quot;,&quot;motion_fx_translateX_effect&quot;:&quot;yes&quot;,&quot;motion_fx_translateX_direction&quot;:&quot;negative&quot;,&quot;motion_fx_translateX_speed&quot;:{&quot;unit&quot;:&quot;px&quot;,&quot;size&quot;:4,&quot;sizes&quot;:[]},&quot;motion_fx_translateX_affectedRange&quot;:{&quot;unit&quot;:&quot;%&quot;,&quot;size&quot;:&quot;&quot;,&quot;sizes&quot;:{&quot;start&quot;:0,&quot;end&quot;:100}},&quot;motion_fx_devices&quot;:[&quot;desktop&quot;,&quot;tablet&quot;,&quot;mobile&quot;]}\" data-widget_type=\"heading.default\">\n\t\t\t\t<div class=\"elementor-widget-container\">\n\t\t\t<div class=\"elementor-heading-title elementor-size-default\">Scoremusic koduleht, Scoremusic koduleht,  Scoremusic koduleht,  Scoremusic koduleht, <\/div>\t\t<\/div>\n\t\t\t\t<\/div>\n\t\t\t\t\t<\/div>\n\t\t<\/div>\n\t\t\t\t\t<\/div>\n\t\t<\/section>\n\t\t\t\t<section class=\"elementor-section elementor-top-section elementor-element elementor-element-9315b51 elementor-section-boxed elementor-section-height-default elementor-section-height-default\" data-id=\"9315b51\" data-element_type=\"section\">\n\t\t\t\t\t\t<div class=\"elementor-container elementor-column-gap-no\">\n\t\t\t\t\t<div class=\"elementor-column elementor-col-100 elementor-top-column elementor-element elementor-element-34335dd\" data-id=\"34335dd\" data-element_type=\"column\">\n\t\t\t<div class=\"elementor-widget-wrap elementor-element-populated\">\n\t\t\t\t\t\t<div class=\"elementor-element elementor-element-2bf1a71 elementor-invisible elementor-widget elementor-widget-heading\" data-id=\"2bf1a71\" data-element_type=\"widget\" data-settings=\"{&quot;_animation&quot;:&quot;fadeInUp&quot;}\" data-widget_type=\"heading.default\">\n\t\t\t\t<div class=\"elementor-widget-container\">\n\t\t\t<h4 class=\"elementor-heading-title elementor-size-default\">Olulised  <i>disainivalikud<\/h4>\t\t<\/div>\n\t\t\t\t<\/div>\n\t\t\t\t\t<\/div>\n\t\t<\/div>\n\t\t\t\t\t<\/div>\n\t\t<\/section>\n\t\t<div class=\"elementor-element elementor-element-cb05d6f e-flex e-con-boxed e-con e-parent\" data-id=\"cb05d6f\" data-element_type=\"container\" data-settings=\"{&quot;background_background&quot;:&quot;classic&quot;}\">\n\t\t\t\t\t<div class=\"e-con-inner\">\n\t\t\t\t<div class=\"elementor-element elementor-element-d5c4912 elementor-widget elementor-widget-text-editor\" data-id=\"d5c4912\" data-element_type=\"widget\" data-widget_type=\"text-editor.default\">\n\t\t\t\t<div class=\"elementor-widget-container\">\n\t\t\t\t\t\t\t<p><strong data-start=\"189\" data-end=\"253\">Teenuse eeliste esilet\u00f5stmine koos eksperdi kommentaaridega<\/strong><\/p>\t\t\t\t\t\t<\/div>\n\t\t\t\t<\/div>\n\t\t\t\t<div class=\"elementor-element elementor-element-9b8fdd4 elementor-widget elementor-widget-text-editor\" data-id=\"9b8fdd4\" data-element_type=\"widget\" data-widget_type=\"text-editor.default\">\n\t\t\t\t<div class=\"elementor-widget-container\">\n\t\t\t\t\t\t\t<p>Lisasin avalehe algusesse \u201eTrusted by\u201c riba, kus on kuvatud organisatsioonid, kes usaldavad ja kasutavad Scoree Musicut, et t\u00f5sta platvormi usaldusv\u00e4\u00e4rsust. Samuti lisasin v\u00e4ikese sneak peeki \u00e4ppist, kus k\u00f5rval paiknevad kaks pilti: \u00fcks, kus on \u00e4pi vaade iPadis, ja teine, kus koor esineb, kasutades Scoree Musicu \u00e4ppi iPadiga. Need visuaalid annavad k\u00fclastajale konkreetse ettekujutuse \u00e4pi praktilisusest ja selle kasutamisest p\u00e4riselus.<\/p>\t\t\t\t\t\t<\/div>\n\t\t\t\t<\/div>\n\t\t\t\t<div class=\"elementor-element elementor-element-88e34b9 elementor-widget elementor-widget-image\" data-id=\"88e34b9\" data-element_type=\"widget\" data-widget_type=\"image.default\">\n\t\t\t\t<div class=\"elementor-widget-container\">\n\t\t\t\t\t\t\t\t\t\t\t\t\t<img fetchpriority=\"high\" decoding=\"async\" width=\"1024\" height=\"562\" src=\"https:\/\/rowmastudio.com\/wp-content\/uploads\/2025\/05\/Score-kkoduleht-4-1024x562.png\" class=\"attachment-large size-large wp-image-4351\" alt=\"\" srcset=\"https:\/\/rowmastudio.com\/wp-content\/uploads\/2025\/05\/Score-kkoduleht-4-1024x562.png 1024w, https:\/\/rowmastudio.com\/wp-content\/uploads\/2025\/05\/Score-kkoduleht-4-300x165.png 300w, https:\/\/rowmastudio.com\/wp-content\/uploads\/2025\/05\/Score-kkoduleht-4-768x422.png 768w, https:\/\/rowmastudio.com\/wp-content\/uploads\/2025\/05\/Score-kkoduleht-4.png 1512w\" sizes=\"(max-width: 1024px) 100vw, 1024px\" \/>\t\t\t\t\t\t\t\t\t\t\t\t\t<\/div>\n\t\t\t\t<\/div>\n\t\t\t\t<div class=\"elementor-element elementor-element-3cb8d27 elementor-widget elementor-widget-text-editor\" data-id=\"3cb8d27\" data-element_type=\"widget\" data-widget_type=\"text-editor.default\">\n\t\t\t\t<div class=\"elementor-widget-container\">\n\t\t\t\t\t\t\t<p><strong data-start=\"189\" data-end=\"253\">Teenuse eeliste esilet\u00f5stmine koos eksperdi kommentaaridega<\/strong><\/p>\t\t\t\t\t\t<\/div>\n\t\t\t\t<\/div>\n\t\t\t\t<div class=\"elementor-element elementor-element-ba20dbe elementor-widget elementor-widget-text-editor\" data-id=\"ba20dbe\" data-element_type=\"widget\" data-widget_type=\"text-editor.default\">\n\t\t\t\t<div class=\"elementor-widget-container\">\n\t\t\t\t\t\t\t<p>T\u00f5in v\u00e4lja Scoremusicu peamised eelised ning sidusin need oma ala ekspertide kommentaaridega. See loob usaldust ja t\u00f5stab esile teenuse v\u00e4\u00e4rtust l\u00e4bi reaalsete kogemuste ja soovituste.<\/p>\t\t\t\t\t\t<\/div>\n\t\t\t\t<\/div>\n\t\t\t\t<div class=\"elementor-element elementor-element-ac85259 elementor-widget elementor-widget-image\" data-id=\"ac85259\" data-element_type=\"widget\" data-widget_type=\"image.default\">\n\t\t\t\t<div class=\"elementor-widget-container\">\n\t\t\t\t\t\t\t\t\t\t\t\t\t<img decoding=\"async\" width=\"1024\" height=\"488\" src=\"https:\/\/rowmastudio.com\/wp-content\/uploads\/2025\/05\/Score-kkoduleht-2-1024x488.png\" class=\"attachment-large size-large wp-image-4332\" alt=\"\" srcset=\"https:\/\/rowmastudio.com\/wp-content\/uploads\/2025\/05\/Score-kkoduleht-2-1024x488.png 1024w, https:\/\/rowmastudio.com\/wp-content\/uploads\/2025\/05\/Score-kkoduleht-2-300x143.png 300w, https:\/\/rowmastudio.com\/wp-content\/uploads\/2025\/05\/Score-kkoduleht-2-768x366.png 768w, https:\/\/rowmastudio.com\/wp-content\/uploads\/2025\/05\/Score-kkoduleht-2.png 1512w\" sizes=\"(max-width: 1024px) 100vw, 1024px\" \/>\t\t\t\t\t\t\t\t\t\t\t\t\t<\/div>\n\t\t\t\t<\/div>\n\t\t\t\t<div class=\"elementor-element elementor-element-7239930 elementor-widget elementor-widget-text-editor\" data-id=\"7239930\" data-element_type=\"widget\" data-widget_type=\"text-editor.default\">\n\t\t\t\t<div class=\"elementor-widget-container\">\n\t\t\t\t\t\t\t<p><strong data-start=\"296\" data-end=\"350\">Fookus heliloojatele \u2013 \u201eFor Publishers\u201c sektsioon<\/strong><\/p>\t\t\t\t\t\t<\/div>\n\t\t\t\t<\/div>\n\t\t\t\t<div class=\"elementor-element elementor-element-1114cb1 elementor-widget elementor-widget-text-editor\" data-id=\"1114cb1\" data-element_type=\"widget\" data-widget_type=\"text-editor.default\">\n\t\t\t\t<div class=\"elementor-widget-container\">\n\t\t\t\t\t\t\t<p>Kuigi lehe \u00fcldine \u00fclesehitus toetab pigem neid, kes otsivad ja haldavad partituure (nt orkestrid), oli oluline tuua selgelt esile ka heliloojate ja kirjastajate roll. Selleks l\u00f5in eraldi \u201eFor Publishers\u201c sektsiooni, mis kutsub heliloojaid liituma Scoree Music platvormiga, jagama oma loomingut ja laiendama selle k\u00e4ttesaadavust. See fookus aitab kasvatada sisuvalikut ning tugevdada kogukonda, mis on platvormi j\u00e4tkusuutlikkuse alus.<\/p>\t\t\t\t\t\t<\/div>\n\t\t\t\t<\/div>\n\t\t\t\t<div class=\"elementor-element elementor-element-8b60c82 elementor-widget elementor-widget-image\" data-id=\"8b60c82\" data-element_type=\"widget\" data-widget_type=\"image.default\">\n\t\t\t\t<div class=\"elementor-widget-container\">\n\t\t\t\t\t\t\t\t\t\t\t\t\t<img decoding=\"async\" width=\"1024\" height=\"488\" src=\"https:\/\/rowmastudio.com\/wp-content\/uploads\/2025\/05\/Score-kkoduleht-1-1024x488.png\" class=\"attachment-large size-large wp-image-4331\" alt=\"\" srcset=\"https:\/\/rowmastudio.com\/wp-content\/uploads\/2025\/05\/Score-kkoduleht-1-1024x488.png 1024w, https:\/\/rowmastudio.com\/wp-content\/uploads\/2025\/05\/Score-kkoduleht-1-300x143.png 300w, https:\/\/rowmastudio.com\/wp-content\/uploads\/2025\/05\/Score-kkoduleht-1-768x366.png 768w, https:\/\/rowmastudio.com\/wp-content\/uploads\/2025\/05\/Score-kkoduleht-1.png 1512w\" sizes=\"(max-width: 1024px) 100vw, 1024px\" \/>\t\t\t\t\t\t\t\t\t\t\t\t\t<\/div>\n\t\t\t\t<\/div>\n\t\t\t\t<div class=\"elementor-element elementor-element-db371df elementor-widget elementor-widget-text-editor\" data-id=\"db371df\" data-element_type=\"widget\" data-widget_type=\"text-editor.default\">\n\t\t\t\t<div class=\"elementor-widget-container\">\n\t\t\t\t\t\t\t<p><strong>Usaldusv\u00e4\u00e4rsuse ja meedialahenduste lisamine<\/strong><\/p>\t\t\t\t\t\t<\/div>\n\t\t\t\t<\/div>\n\t\t\t\t<div class=\"elementor-element elementor-element-6e1434e elementor-widget elementor-widget-text-editor\" data-id=\"6e1434e\" data-element_type=\"widget\" data-widget_type=\"text-editor.default\">\n\t\t\t\t<div class=\"elementor-widget-container\">\n\t\t\t\t\t\t\t<p class=\"\" data-start=\"225\" data-end=\"572\">T\u00f5in About-lehel v\u00e4lja eraldi lehe ekspertide tagasisidega ning nimed, kes Scoree Musicut juba kasutavad \u2013 see tugevdab usaldusv\u00e4\u00e4rsust. Lisaks lisasin spetsiaalse &#8220;For Media&#8221; sektsiooni, mis koondab meediapaki ja tulevikus ka pressifotod, et lihtsustada ootamatuid turundus- v\u00f5i koost\u00f6\u00f6p\u00e4ringuid.<\/p>\t\t\t\t\t\t<\/div>\n\t\t\t\t<\/div>\n\t\t\t\t<div class=\"elementor-element elementor-element-0e387f7 elementor-widget elementor-widget-image\" data-id=\"0e387f7\" data-element_type=\"widget\" data-widget_type=\"image.default\">\n\t\t\t\t<div class=\"elementor-widget-container\">\n\t\t\t\t\t\t\t\t\t\t\t\t\t<img loading=\"lazy\" decoding=\"async\" width=\"1024\" height=\"599\" src=\"https:\/\/rowmastudio.com\/wp-content\/uploads\/2025\/05\/Score-kkoduleht-3-1024x599.png\" class=\"attachment-large size-large wp-image-4333\" alt=\"\" srcset=\"https:\/\/rowmastudio.com\/wp-content\/uploads\/2025\/05\/Score-kkoduleht-3-1024x599.png 1024w, https:\/\/rowmastudio.com\/wp-content\/uploads\/2025\/05\/Score-kkoduleht-3-300x176.png 300w, https:\/\/rowmastudio.com\/wp-content\/uploads\/2025\/05\/Score-kkoduleht-3-768x450.png 768w, https:\/\/rowmastudio.com\/wp-content\/uploads\/2025\/05\/Score-kkoduleht-3.png 1512w\" sizes=\"(max-width: 1024px) 100vw, 1024px\" \/>\t\t\t\t\t\t\t\t\t\t\t\t\t<\/div>\n\t\t\t\t<\/div>\n\t\t\t\t\t<\/div>\n\t\t\t\t<\/div>\n\t\t\t\t<section class=\"elementor-section elementor-top-section elementor-element elementor-element-43e8b063 elementor-section-height-min-height elementor-section-boxed elementor-section-height-default elementor-section-items-middle\" data-id=\"43e8b063\" data-element_type=\"section\">\n\t\t\t\t\t\t<div class=\"elementor-container elementor-column-gap-no\">\n\t\t\t\t\t<div class=\"elementor-column elementor-col-50 elementor-top-column elementor-element elementor-element-7de117f0\" data-id=\"7de117f0\" data-element_type=\"column\">\n\t\t\t<div class=\"elementor-widget-wrap elementor-element-populated\">\n\t\t\t\t\t\t<div class=\"elementor-element elementor-element-28b0a85 elementor-widget elementor-widget-heading\" data-id=\"28b0a85\" data-element_type=\"widget\" data-widget_type=\"heading.default\">\n\t\t\t\t<div class=\"elementor-widget-container\">\n\t\t\t<p class=\"elementor-heading-title elementor-size-default\">\u00a9  2026 Rowma Studio. All Rights Reserved.<\/p>\t\t<\/div>\n\t\t\t\t<\/div>\n\t\t\t\t\t<\/div>\n\t\t<\/div>\n\t\t\t\t<div class=\"elementor-column elementor-col-50 elementor-top-column elementor-element elementor-element-76248c36\" data-id=\"76248c36\" data-element_type=\"column\">\n\t\t\t<div class=\"elementor-widget-wrap elementor-element-populated\">\n\t\t\t\t\t\t<div class=\"elementor-element elementor-element-3f7ebe73 e-grid-align-right e-grid-align-mobile-center elementor-shape-rounded elementor-grid-0 elementor-widget elementor-widget-social-icons\" data-id=\"3f7ebe73\" data-element_type=\"widget\" data-widget_type=\"social-icons.default\">\n\t\t\t\t<div class=\"elementor-widget-container\">\n\t\t\t\t\t<div class=\"elementor-social-icons-wrapper elementor-grid\">\n\t\t\t\t\t\t\t<span class=\"elementor-grid-item\">\n\t\t\t\t\t<a class=\"elementor-icon elementor-social-icon elementor-social-icon-facebook-f elementor-animation-float elementor-repeater-item-69d996f\" href=\"https:\/\/www.facebook.com\/RowmaStudio\" target=\"_blank\">\n\t\t\t\t\t\t<span class=\"elementor-screen-only\">Facebook-f<\/span>\n\t\t\t\t\t\t<svg class=\"e-font-icon-svg e-fab-facebook-f\" viewBox=\"0 0 320 512\" xmlns=\"http:\/\/www.w3.org\/2000\/svg\"><path d=\"M279.14 288l14.22-92.66h-88.91v-60.13c0-25.35 12.42-50.06 52.24-50.06h40.42V6.26S260.43 0 225.36 0c-73.22 0-121.08 44.38-121.08 124.72v70.62H22.89V288h81.39v224h100.17V288z\"><\/path><\/svg>\t\t\t\t\t<\/a>\n\t\t\t\t<\/span>\n\t\t\t\t\t\t\t<span class=\"elementor-grid-item\">\n\t\t\t\t\t<a class=\"elementor-icon elementor-social-icon elementor-social-icon- elementor-animation-float elementor-repeater-item-f88e119\" href=\"https:\/\/www.instagram.com\/rowma_studio\/\" target=\"_blank\">\n\t\t\t\t\t\t<span class=\"elementor-screen-only\"><\/span>\n\t\t\t\t\t\t<svg xmlns=\"http:\/\/www.w3.org\/2000\/svg\" id=\"b09f96b8-95f2-46c7-b6eb-0a31960c2604\" data-name=\"Layer 1\" width=\"21\" height=\"21\" viewBox=\"0 0 21 21\"><g id=\"a6c9e526-2a14-44e3-84b4-70759adab071\" data-name=\"Symbols\"><g id=\"a0f02291-caf8-4cd9-8f32-95c28e336266\" data-name=\"Footer\"><g id=\"bf3eb705-a119-4e4d-86cf-9092e6ffde76\" data-name=\"Footer\"><g id=\"a39da886-239d-4849-9d4a-09442fcfe353\" data-name=\"logo instagram\"><path id=\"b2718a8a-f4b0-42e9-9f17-210b8db68b66\" data-name=\"Combined-Shape\" d=\"M15.9967,0A5.008,5.008,0,0,1,21,5.0033V15.9967A5.008,5.008,0,0,1,15.9967,21H5.0033A5.008,5.008,0,0,1,0,15.9967V5.0033A5.008,5.008,0,0,1,5.0033,0ZM10.5,5.04a5.46,5.46,0,1,0,5.46,5.46A5.46,5.46,0,0,0,10.5,5.04Zm0,1.68A3.78,3.78,0,1,1,6.72,10.5,3.78,3.78,0,0,1,10.5,6.72Zm6.09-3.78a1.47,1.47,0,1,0,1.47,1.47A1.47,1.47,0,0,0,16.59,2.94Z\" style=\"fill-rule:evenodd\"><\/path><\/g><\/g><\/g><\/g><\/svg>\t\t\t\t\t<\/a>\n\t\t\t\t<\/span>\n\t\t\t\t\t<\/div>\n\t\t\t\t<\/div>\n\t\t\t\t<\/div>\n\t\t\t\t\t<\/div>\n\t\t<\/div>\n\t\t\t\t\t<\/div>\n\t\t<\/section>\n\t\t\t\t<\/div>\n\t\t","protected":false},"excerpt":{"rendered":"<p>Scoremusic koduleht Minu roll: UX\/UI disainerT\u00f6\u00f6\u00fclesanded: Kasutajakogemuse kujundamine, visuaalse stiili loomine, disainis\u00fcsteemi \u00fclesehitus, protot\u00fc\u00fcpimine, koost\u00f6\u00f6 arendajagaPlatvorm: Veebileht (desktop &amp; mobile) \ud83d\udcbb \u00dclevaade Scoremusic.eu on visiitkaardi t\u00fc\u00fcpi veebileht, mille eesm\u00e4rk on tutvustada Scoremusic br\u00e4ndi, selle v\u00e4\u00e4rtusi, teenuseid. Minu \u00fclesandeks oli luua veebikogemus, mis toetab professionaalset kuvandit, kommunikeerib usaldusv\u00e4\u00e4rsust ning k\u00f5netab muusikavaldkonna spetsialiste. Vaata veebilehte Scoremusic koduleht, &hellip;<\/p>\n<p class=\"read-more\"> <a class=\"\" href=\"https:\/\/rowmastudio.com\/?page_id=4311&#038;lang=et\"> <span class=\"screen-reader-text\">Scoremusic koduleht<\/span> Read More &raquo;<\/a><\/p>\n","protected":false},"author":1,"featured_media":0,"parent":0,"menu_order":0,"comment_status":"closed","ping_status":"closed","template":"","meta":{"om_disable_all_campaigns":false,"_monsterinsights_skip_tracking":false,"_monsterinsights_sitenote_active":false,"_monsterinsights_sitenote_note":"","_monsterinsights_sitenote_category":0,"site-sidebar-layout":"no-sidebar","site-content-layout":"page-builder","ast-global-header-display":"","ast-main-header-display":"","ast-hfb-above-header-display":"","ast-hfb-below-header-display":"","ast-hfb-mobile-header-display":"","site-post-title":"disabled","ast-breadcrumbs-content":"","ast-featured-img":"disabled","footer-sml-layout":"","theme-transparent-header-meta":"","adv-header-id-meta":"","stick-header-meta":"","header-above-stick-meta":"","header-main-stick-meta":"","header-below-stick-meta":"","footnotes":""},"class_list":["post-4311","page","type-page","status-publish","hentry"],"aioseo_notices":[],"_links":{"self":[{"href":"https:\/\/rowmastudio.com\/index.php?rest_route=\/wp\/v2\/pages\/4311"}],"collection":[{"href":"https:\/\/rowmastudio.com\/index.php?rest_route=\/wp\/v2\/pages"}],"about":[{"href":"https:\/\/rowmastudio.com\/index.php?rest_route=\/wp\/v2\/types\/page"}],"author":[{"embeddable":true,"href":"https:\/\/rowmastudio.com\/index.php?rest_route=\/wp\/v2\/users\/1"}],"replies":[{"embeddable":true,"href":"https:\/\/rowmastudio.com\/index.php?rest_route=%2Fwp%2Fv2%2Fcomments&post=4311"}],"version-history":[{"count":37,"href":"https:\/\/rowmastudio.com\/index.php?rest_route=\/wp\/v2\/pages\/4311\/revisions"}],"predecessor-version":[{"id":4418,"href":"https:\/\/rowmastudio.com\/index.php?rest_route=\/wp\/v2\/pages\/4311\/revisions\/4418"}],"wp:attachment":[{"href":"https:\/\/rowmastudio.com\/index.php?rest_route=%2Fwp%2Fv2%2Fmedia&parent=4311"}],"curies":[{"name":"wp","href":"https:\/\/api.w.org\/{rel}","templated":true}]}}